{"id":1086,"date":"2019-11-04T14:54:25","date_gmt":"2019-11-04T14:54:25","guid":{"rendered":"http:\/\/old.quintadafonte.com\/?page_id=1086"},"modified":"2021-06-15T15:59:13","modified_gmt":"2021-06-15T15:59:13","slug":"sustentabilidade","status":"publish","type":"page","link":"http:\/\/old.quintadafonte.com\/pt-pt\/sobre\/sustentabilidade\/","title":{"rendered":"Sustentabilidade"},"content":{"rendered":"\n<div class=\"wp-block-magicblock-magicblock container\" style=\"\">\n<div style=\"height:100px\" aria-hidden=\"true\" class=\"wp-block-spacer\"><\/div>\n\n\n\n<h4 class=\"wp-block-heading\">A nossa meta a tr\u00eas anos passa pela certifica\u00e7\u00e3o ambiental de todos os edif\u00edcios da Quinta.<\/h4>\n\n\n\n<p>Definimos uma agenda sustent\u00e1vel como reconhecimento do nosso papel e da nossa responsabilidade como indiv\u00edduos, empresas e como comunidade na redu\u00e7\u00e3o da nossa pegada ambiental.<\/p>\n\n\n\n<div style=\"height:80px\" aria-hidden=\"true\" class=\"wp-block-spacer\"><\/div>\n<\/div>\n\n\n\n<div class=\"wp-block-magicblock-magicblock block-intro\" style=\"\">\n<div class=\"wp-block-magicblock-magicblock col-info\" style=\"\">\n<div class=\"wp-block-magicblock-magicblock block\" style=\"\">\n<p>Est\u00e3o a ser implementadas v\u00e1rias medidas de melhoria como a monitoriza\u00e7\u00e3o em tempo real do consumo de energia, a substitui\u00e7\u00e3o de l\u00e2mpadas padr\u00e3o por luzes LED, a instala\u00e7\u00e3o de sensores de economia de energia, o melhoramento dos sistemas HVAC e a an\u00e1lise de energias renov\u00e1veis como a energia solar. <\/p>\n\n\n\n<p>Estamos igualmente a rever e actualizar as nossas infraestruturas e os procedimentos para conseguirmos reduzir ao ma\u0301ximo as emisso\u0303es de carbono, aumentar a efici\u00eancia energe\u0301tica dos edifi\u0301cios e optimizar a gesta\u0303o de resi\u0301duos.<\/p>\n<\/div>\n<\/div>\n<\/div>\n\n\n\n<div class=\"wp-block-columns block-links is-layout-flex wp-container-core-columns-is-layout-9d6595d7 wp-block-columns-is-layout-flex\">\n<div class=\"wp-block-column is-layout-flow wp-block-column-is-layout-flow\">\n<h3 class=\"wp-block-heading\"><a href=\"http:\/\/old.quintadafonte.com\/pt-pt\/sobre\/a-nova-quinta\/\">A Nova Quinta<\/a><\/h3>\n\n\n\n<figure class=\"wp-block-image size-large\"><img loading=\"lazy\" decoding=\"async\" width=\"1024\" height=\"768\" src=\"http:\/\/old.quintadafonte.com\/wp-content\/uploads\/2019\/12\/the-new-quinta_header-1024x768.jpg\" alt=\"\" class=\"wp-image-858\" srcset=\"http:\/\/old.quintadafonte.com\/wp-content\/uploads\/2019\/12\/the-new-quinta_header-1024x768.jpg 1024w, http:\/\/old.quintadafonte.com\/wp-content\/uploads\/2019\/12\/the-new-quinta_header-300x225.jpg 300w, http:\/\/old.quintadafonte.com\/wp-content\/uploads\/2019\/12\/the-new-quinta_header-768x576.jpg 768w, http:\/\/old.quintadafonte.com\/wp-content\/uploads\/2019\/12\/the-new-quinta_header.jpg 1280w\" sizes=\"auto, (max-width: 1024px) 100vw, 1024px\" \/><\/figure>\n<\/div>\n\n\n\n<div class=\"wp-block-column is-layout-flow wp-block-column-is-layout-flow\">\n<h3 class=\"wp-block-heading\"><a href=\"http:\/\/old.quintadafonte.com\/pt-pt\/sobre\/localizacao-privilegiada\/\">Localiza\u00e7\u00e3o Privilegiada<\/a><\/h3>\n\n\n\n<figure class=\"wp-block-image size-large\"><img loading=\"lazy\" decoding=\"async\" width=\"1024\" height=\"502\" src=\"http:\/\/old.quintadafonte.com\/wp-content\/uploads\/2019\/11\/privileged-location_header-1024x502.jpg\" alt=\"\" class=\"wp-image-432\" srcset=\"http:\/\/old.quintadafonte.com\/wp-content\/uploads\/2019\/11\/privileged-location_header-1024x502.jpg 1024w, http:\/\/old.quintadafonte.com\/wp-content\/uploads\/2019\/11\/privileged-location_header-300x147.jpg 300w, http:\/\/old.quintadafonte.com\/wp-content\/uploads\/2019\/11\/privileged-location_header-768x377.jpg 768w, http:\/\/old.quintadafonte.com\/wp-content\/uploads\/2019\/11\/privileged-location_header.jpg 1280w\" sizes=\"auto, (max-width: 1024px) 100vw, 1024px\" \/><\/figure>\n<\/div>\n\n\n\n<div class=\"wp-block-column is-layout-flow wp-block-column-is-layout-flow\">\n<h3 class=\"wp-block-heading\"><a href=\"http:\/\/old.quintadafonte.com\/pt-pt\/sobre\/empresas-residentes\/\">Empresas Residentes<\/a><\/h3>\n\n\n\n<figure class=\"wp-block-image size-large\"><img loading=\"lazy\" decoding=\"async\" width=\"1024\" height=\"654\" src=\"http:\/\/old.quintadafonte.com\/wp-content\/uploads\/2019\/11\/resident-companies_header-1024x654.jpg\" alt=\"\" class=\"wp-image-436\" srcset=\"http:\/\/old.quintadafonte.com\/wp-content\/uploads\/2019\/11\/resident-companies_header-1024x654.jpg 1024w, http:\/\/old.quintadafonte.com\/wp-content\/uploads\/2019\/11\/resident-companies_header-300x192.jpg 300w, http:\/\/old.quintadafonte.com\/wp-content\/uploads\/2019\/11\/resident-companies_header-768x491.jpg 768w, http:\/\/old.quintadafonte.com\/wp-content\/uploads\/2019\/11\/resident-companies_header.jpg 1280w\" sizes=\"auto, (max-width: 1024px) 100vw, 1024px\" \/><\/figure>\n<\/div>\n<\/div>\n","protected":false},"excerpt":{"rendered":"<p>Por uma Quinta verdadeiramente verde <\/p>\n","protected":false},"author":7,"featured_media":2123,"parent":1065,"menu_order":0,"comment_status":"closed","ping_status":"closed","template":"page.php","meta":{"footnotes":""},"class_list":["post-1086","page","type-page","status-publish","has-post-thumbnail","hentry"],"acf":[],"yoast_head":"<!-- This site is optimized with the Yoast SEO plugin v27.4 - https:\/\/yoast.com\/product\/yoast-seo-wordpress\/ -->\n<title>Equil\u00edbrio Sustent\u00e1vel entre Lazer e Trabalho - Quinta da Fonte<\/title>\n<meta name=\"description\" content=\"Assumir a responsabilidade de reduzir a nossa pegada ambiental, como pessoas, empresas e comunidade.\" \/>\n<meta name=\"robots\" content=\"index, follow, max-snippet:-1, max-image-preview:large, max-video-preview:-1\" \/>\n<link rel=\"canonical\" href=\"http:\/\/old.quintadafonte.com\/pt-pt\/sobre\/sustentabilidade\/\" \/>\n<meta property=\"og:locale\" content=\"pt_PT\" \/>\n<meta property=\"og:type\" content=\"article\" \/>\n<meta property=\"og:title\" content=\"Equil\u00edbrio Sustent\u00e1vel entre Lazer e Trabalho - Quinta da Fonte\" \/>\n<meta property=\"og:description\" content=\"Assumir a responsabilidade de reduzir a nossa pegada ambiental, como pessoas, empresas e comunidade.\" \/>\n<meta property=\"og:url\" content=\"http:\/\/old.quintadafonte.com\/pt-pt\/sobre\/sustentabilidade\/\" \/>\n<meta property=\"og:site_name\" content=\"Quinta da Fonte\" \/>\n<meta property=\"article:publisher\" content=\"https:\/\/www.facebook.com\/quintadafonteofficepark\" \/>\n<meta property=\"article:modified_time\" content=\"2021-06-15T15:59:13+00:00\" \/>\n<meta property=\"og:image\" content=\"http:\/\/old.quintadafonte.com\/wp-content\/uploads\/2021\/01\/topo_sustent-scaled.jpg\" \/>\n\t<meta property=\"og:image:width\" content=\"2560\" \/>\n\t<meta property=\"og:image:height\" content=\"1405\" \/>\n\t<meta property=\"og:image:type\" content=\"image\/jpeg\" \/>\n<meta name=\"twitter:card\" content=\"summary_large_image\" \/>\n<meta name=\"twitter:label1\" content=\"Tempo estimado de leitura\" \/>\n\t<meta name=\"twitter:data1\" content=\"2 minutos\" \/>\n<script type=\"application\/ld+json\" class=\"yoast-schema-graph\">{\"@context\":\"https:\\\/\\\/schema.org\",\"@graph\":[{\"@type\":\"WebPage\",\"@id\":\"http:\\\/\\\/old.quintadafonte.com\\\/pt-pt\\\/sobre\\\/sustentabilidade\\\/\",\"url\":\"http:\\\/\\\/old.quintadafonte.com\\\/pt-pt\\\/sobre\\\/sustentabilidade\\\/\",\"name\":\"Equil\u00edbrio Sustent\u00e1vel entre Lazer e Trabalho - Quinta da Fonte\",\"isPartOf\":{\"@id\":\"https:\\\/\\\/old.quintadafonte.com\\\/pt-pt\\\/#website\"},\"primaryImageOfPage\":{\"@id\":\"http:\\\/\\\/old.quintadafonte.com\\\/pt-pt\\\/sobre\\\/sustentabilidade\\\/#primaryimage\"},\"image\":{\"@id\":\"http:\\\/\\\/old.quintadafonte.com\\\/pt-pt\\\/sobre\\\/sustentabilidade\\\/#primaryimage\"},\"thumbnailUrl\":\"http:\\\/\\\/old.quintadafonte.com\\\/wp-content\\\/uploads\\\/2021\\\/01\\\/topo_sustent-scaled.jpg\",\"datePublished\":\"2019-11-04T14:54:25+00:00\",\"dateModified\":\"2021-06-15T15:59:13+00:00\",\"description\":\"Assumir a responsabilidade de reduzir a nossa pegada ambiental, como pessoas, empresas e comunidade.\",\"breadcrumb\":{\"@id\":\"http:\\\/\\\/old.quintadafonte.com\\\/pt-pt\\\/sobre\\\/sustentabilidade\\\/#breadcrumb\"},\"inLanguage\":\"pt-PT\",\"potentialAction\":[{\"@type\":\"ReadAction\",\"target\":[\"http:\\\/\\\/old.quintadafonte.com\\\/pt-pt\\\/sobre\\\/sustentabilidade\\\/\"]}]},{\"@type\":\"ImageObject\",\"inLanguage\":\"pt-PT\",\"@id\":\"http:\\\/\\\/old.quintadafonte.com\\\/pt-pt\\\/sobre\\\/sustentabilidade\\\/#primaryimage\",\"url\":\"http:\\\/\\\/old.quintadafonte.com\\\/wp-content\\\/uploads\\\/2021\\\/01\\\/topo_sustent-scaled.jpg\",\"contentUrl\":\"http:\\\/\\\/old.quintadafonte.com\\\/wp-content\\\/uploads\\\/2021\\\/01\\\/topo_sustent-scaled.jpg\",\"width\":2560,\"height\":1405},{\"@type\":\"BreadcrumbList\",\"@id\":\"http:\\\/\\\/old.quintadafonte.com\\\/pt-pt\\\/sobre\\\/sustentabilidade\\\/#breadcrumb\",\"itemListElement\":[{\"@type\":\"ListItem\",\"position\":1,\"name\":\"Home\",\"item\":\"http:\\\/\\\/old.quintadafonte.com\\\/pt-pt\\\/\"},{\"@type\":\"ListItem\",\"position\":2,\"name\":\"Sobre\",\"item\":\"http:\\\/\\\/old.quintadafonte.com\\\/pt-pt\\\/sobre\\\/\"},{\"@type\":\"ListItem\",\"position\":3,\"name\":\"Sustentabilidade\"}]},{\"@type\":\"WebSite\",\"@id\":\"https:\\\/\\\/old.quintadafonte.com\\\/pt-pt\\\/#website\",\"url\":\"https:\\\/\\\/old.quintadafonte.com\\\/pt-pt\\\/\",\"name\":\"Quinta da Fonte\",\"description\":\"Inspiring your work-life environment\",\"potentialAction\":[{\"@type\":\"SearchAction\",\"target\":{\"@type\":\"EntryPoint\",\"urlTemplate\":\"https:\\\/\\\/old.quintadafonte.com\\\/pt-pt\\\/?s={search_term_string}\"},\"query-input\":{\"@type\":\"PropertyValueSpecification\",\"valueRequired\":true,\"valueName\":\"search_term_string\"}}],\"inLanguage\":\"pt-PT\"}]}<\/script>\n<!-- \/ Yoast SEO plugin. -->","yoast_head_json":{"title":"Equil\u00edbrio Sustent\u00e1vel entre Lazer e Trabalho - Quinta da Fonte","description":"Assumir a responsabilidade de reduzir a nossa pegada ambiental, como pessoas, empresas e comunidade.","robots":{"index":"index","follow":"follow","max-snippet":"max-snippet:-1","max-image-preview":"max-image-preview:large","max-video-preview":"max-video-preview:-1"},"canonical":"http:\/\/old.quintadafonte.com\/pt-pt\/sobre\/sustentabilidade\/","og_locale":"pt_PT","og_type":"article","og_title":"Equil\u00edbrio Sustent\u00e1vel entre Lazer e Trabalho - Quinta da Fonte","og_description":"Assumir a responsabilidade de reduzir a nossa pegada ambiental, como pessoas, empresas e comunidade.","og_url":"http:\/\/old.quintadafonte.com\/pt-pt\/sobre\/sustentabilidade\/","og_site_name":"Quinta da Fonte","article_publisher":"https:\/\/www.facebook.com\/quintadafonteofficepark","article_modified_time":"2021-06-15T15:59:13+00:00","og_image":[{"width":2560,"height":1405,"url":"http:\/\/old.quintadafonte.com\/wp-content\/uploads\/2021\/01\/topo_sustent-scaled.jpg","type":"image\/jpeg"}],"twitter_card":"summary_large_image","twitter_misc":{"Tempo estimado de leitura":"2 minutos"},"schema":{"@context":"https:\/\/schema.org","@graph":[{"@type":"WebPage","@id":"http:\/\/old.quintadafonte.com\/pt-pt\/sobre\/sustentabilidade\/","url":"http:\/\/old.quintadafonte.com\/pt-pt\/sobre\/sustentabilidade\/","name":"Equil\u00edbrio Sustent\u00e1vel entre Lazer e Trabalho - Quinta da Fonte","isPartOf":{"@id":"https:\/\/old.quintadafonte.com\/pt-pt\/#website"},"primaryImageOfPage":{"@id":"http:\/\/old.quintadafonte.com\/pt-pt\/sobre\/sustentabilidade\/#primaryimage"},"image":{"@id":"http:\/\/old.quintadafonte.com\/pt-pt\/sobre\/sustentabilidade\/#primaryimage"},"thumbnailUrl":"http:\/\/old.quintadafonte.com\/wp-content\/uploads\/2021\/01\/topo_sustent-scaled.jpg","datePublished":"2019-11-04T14:54:25+00:00","dateModified":"2021-06-15T15:59:13+00:00","description":"Assumir a responsabilidade de reduzir a nossa pegada ambiental, como pessoas, empresas e comunidade.","breadcrumb":{"@id":"http:\/\/old.quintadafonte.com\/pt-pt\/sobre\/sustentabilidade\/#breadcrumb"},"inLanguage":"pt-PT","potentialAction":[{"@type":"ReadAction","target":["http:\/\/old.quintadafonte.com\/pt-pt\/sobre\/sustentabilidade\/"]}]},{"@type":"ImageObject","inLanguage":"pt-PT","@id":"http:\/\/old.quintadafonte.com\/pt-pt\/sobre\/sustentabilidade\/#primaryimage","url":"http:\/\/old.quintadafonte.com\/wp-content\/uploads\/2021\/01\/topo_sustent-scaled.jpg","contentUrl":"http:\/\/old.quintadafonte.com\/wp-content\/uploads\/2021\/01\/topo_sustent-scaled.jpg","width":2560,"height":1405},{"@type":"BreadcrumbList","@id":"http:\/\/old.quintadafonte.com\/pt-pt\/sobre\/sustentabilidade\/#breadcrumb","itemListElement":[{"@type":"ListItem","position":1,"name":"Home","item":"http:\/\/old.quintadafonte.com\/pt-pt\/"},{"@type":"ListItem","position":2,"name":"Sobre","item":"http:\/\/old.quintadafonte.com\/pt-pt\/sobre\/"},{"@type":"ListItem","position":3,"name":"Sustentabilidade"}]},{"@type":"WebSite","@id":"https:\/\/old.quintadafonte.com\/pt-pt\/#website","url":"https:\/\/old.quintadafonte.com\/pt-pt\/","name":"Quinta da Fonte","description":"Inspiring your work-life environment","potentialAction":[{"@type":"SearchAction","target":{"@type":"EntryPoint","urlTemplate":"https:\/\/old.quintadafonte.com\/pt-pt\/?s={search_term_string}"},"query-input":{"@type":"PropertyValueSpecification","valueRequired":true,"valueName":"search_term_string"}}],"inLanguage":"pt-PT"}]}},"_links":{"self":[{"href":"http:\/\/old.quintadafonte.com\/pt-pt\/wp-json\/wp\/v2\/pages\/1086","targetHints":{"allow":["GET"]}}],"collection":[{"href":"http:\/\/old.quintadafonte.com\/pt-pt\/wp-json\/wp\/v2\/pages"}],"about":[{"href":"http:\/\/old.quintadafonte.com\/pt-pt\/wp-json\/wp\/v2\/types\/page"}],"author":[{"embeddable":true,"href":"http:\/\/old.quintadafonte.com\/pt-pt\/wp-json\/wp\/v2\/users\/7"}],"replies":[{"embeddable":true,"href":"http:\/\/old.quintadafonte.com\/pt-pt\/wp-json\/wp\/v2\/comments?post=1086"}],"version-history":[{"count":13,"href":"http:\/\/old.quintadafonte.com\/pt-pt\/wp-json\/wp\/v2\/pages\/1086\/revisions"}],"predecessor-version":[{"id":3352,"href":"http:\/\/old.quintadafonte.com\/pt-pt\/wp-json\/wp\/v2\/pages\/1086\/revisions\/3352"}],"up":[{"embeddable":true,"href":"http:\/\/old.quintadafonte.com\/pt-pt\/wp-json\/wp\/v2\/pages\/1065"}],"wp:featuredmedia":[{"embeddable":true,"href":"http:\/\/old.quintadafonte.com\/pt-pt\/wp-json\/wp\/v2\/media\/2123"}],"wp:attachment":[{"href":"http:\/\/old.quintadafonte.com\/pt-pt\/wp-json\/wp\/v2\/media?parent=1086"}],"curies":[{"name":"wp","href":"https:\/\/api.w.org\/{rel}","templated":true}]}}