{"id":1205,"date":"2019-11-08T17:44:31","date_gmt":"2019-11-08T17:44:31","guid":{"rendered":"http:\/\/old.quintadafonte.com\/?page_id=1205"},"modified":"2022-04-18T15:40:20","modified_gmt":"2022-04-18T15:40:20","slug":"restauracao","status":"publish","type":"page","link":"http:\/\/old.quintadafonte.com\/pt-pt\/restauracao\/","title":{"rendered":"Restaura\u00e7\u00e3o"},"content":{"rendered":"\n<div class=\"wp-block-magicblock-magicblock container\" style=\"\">\n<div style=\"height:100px\" aria-hidden=\"true\" class=\"wp-block-spacer\"><\/div>\n\n\n\n<h4 class=\"wp-block-heading\">Encontre o melhor local para desfrutar de uma refei\u00e7\u00e3o ou fazer um lanche.<\/h4>\n\n\n\n<p>Em breve, novos restaurantes &#8211; mantenha-se atento<\/p>\n\n\n\n<div style=\"height:80px\" aria-hidden=\"true\" class=\"wp-block-spacer\"><\/div>\n<\/div>\n","protected":false},"excerpt":{"rendered":"<p>Saboreie todos os momentos do dia<\/p>\n","protected":false},"author":7,"featured_media":2153,"parent":0,"menu_order":40,"comment_status":"closed","ping_status":"closed","template":"tpl-list-eat_drink.php","meta":{"footnotes":""},"class_list":["post-1205","page","type-page","status-publish","has-post-thumbnail","hentry"],"acf":[],"yoast_head":"<!-- This site is optimized with the Yoast SEO plugin v27.4 - https:\/\/yoast.com\/product\/yoast-seo-wordpress\/ -->\n<title>Saboreie o Dia nos Restaurantes e Caf\u00e9s - Quinta da Fonte<\/title>\n<meta name=\"description\" content=\"Encontre o melhor local para desfrutar de uma refei\u00e7\u00e3o ou fazer um lanche.\" \/>\n<meta name=\"robots\" content=\"index, follow, max-snippet:-1, max-image-preview:large, max-video-preview:-1\" \/>\n<link rel=\"canonical\" href=\"http:\/\/old.quintadafonte.com\/pt-pt\/restauracao\/\" \/>\n<meta property=\"og:locale\" content=\"pt_PT\" \/>\n<meta property=\"og:type\" content=\"article\" \/>\n<meta property=\"og:title\" content=\"Saboreie o Dia nos Restaurantes e Caf\u00e9s - Quinta da Fonte\" \/>\n<meta property=\"og:description\" content=\"Encontre o melhor local para desfrutar de uma refei\u00e7\u00e3o ou fazer um lanche.\" \/>\n<meta property=\"og:url\" content=\"http:\/\/old.quintadafonte.com\/pt-pt\/restauracao\/\" \/>\n<meta property=\"og:site_name\" content=\"Quinta da Fonte\" \/>\n<meta property=\"article:publisher\" content=\"https:\/\/www.facebook.com\/quintadafonteofficepark\" \/>\n<meta property=\"article:modified_time\" content=\"2022-04-18T15:40:20+00:00\" \/>\n<meta property=\"og:image\" content=\"http:\/\/old.quintadafonte.com\/wp-content\/uploads\/2019\/12\/sharing_food-drink.png\" \/>\n<meta name=\"twitter:card\" content=\"summary_large_image\" \/>\n<meta name=\"twitter:image\" content=\"http:\/\/old.quintadafonte.com\/wp-content\/uploads\/2019\/12\/sharing_food-drink.png\" \/>\n<meta name=\"twitter:label1\" content=\"Tempo estimado de leitura\" \/>\n\t<meta name=\"twitter:data1\" content=\"1 minuto\" \/>\n<script type=\"application\/ld+json\" class=\"yoast-schema-graph\">{\"@context\":\"https:\\\/\\\/schema.org\",\"@graph\":[{\"@type\":\"WebPage\",\"@id\":\"http:\\\/\\\/old.quintadafonte.com\\\/pt-pt\\\/restauracao\\\/\",\"url\":\"http:\\\/\\\/old.quintadafonte.com\\\/pt-pt\\\/restauracao\\\/\",\"name\":\"Saboreie o Dia nos Restaurantes e Caf\u00e9s - Quinta da Fonte\",\"isPartOf\":{\"@id\":\"http:\\\/\\\/old.quintadafonte.com\\\/pt-pt\\\/#website\"},\"primaryImageOfPage\":{\"@id\":\"http:\\\/\\\/old.quintadafonte.com\\\/pt-pt\\\/restauracao\\\/#primaryimage\"},\"image\":{\"@id\":\"http:\\\/\\\/old.quintadafonte.com\\\/pt-pt\\\/restauracao\\\/#primaryimage\"},\"thumbnailUrl\":\"http:\\\/\\\/old.quintadafonte.com\\\/wp-content\\\/uploads\\\/2021\\\/01\\\/topo_restauracao-scaled.jpg\",\"datePublished\":\"2019-11-08T17:44:31+00:00\",\"dateModified\":\"2022-04-18T15:40:20+00:00\",\"description\":\"Encontre o melhor local para desfrutar de uma refei\u00e7\u00e3o ou fazer um lanche.\",\"breadcrumb\":{\"@id\":\"http:\\\/\\\/old.quintadafonte.com\\\/pt-pt\\\/restauracao\\\/#breadcrumb\"},\"inLanguage\":\"pt-PT\",\"potentialAction\":[{\"@type\":\"ReadAction\",\"target\":[\"http:\\\/\\\/old.quintadafonte.com\\\/pt-pt\\\/restauracao\\\/\"]}]},{\"@type\":\"ImageObject\",\"inLanguage\":\"pt-PT\",\"@id\":\"http:\\\/\\\/old.quintadafonte.com\\\/pt-pt\\\/restauracao\\\/#primaryimage\",\"url\":\"http:\\\/\\\/old.quintadafonte.com\\\/wp-content\\\/uploads\\\/2021\\\/01\\\/topo_restauracao-scaled.jpg\",\"contentUrl\":\"http:\\\/\\\/old.quintadafonte.com\\\/wp-content\\\/uploads\\\/2021\\\/01\\\/topo_restauracao-scaled.jpg\",\"width\":2560,\"height\":1445},{\"@type\":\"BreadcrumbList\",\"@id\":\"http:\\\/\\\/old.quintadafonte.com\\\/pt-pt\\\/restauracao\\\/#breadcrumb\",\"itemListElement\":[{\"@type\":\"ListItem\",\"position\":1,\"name\":\"Home\",\"item\":\"http:\\\/\\\/old.quintadafonte.com\\\/pt-pt\\\/\"},{\"@type\":\"ListItem\",\"position\":2,\"name\":\"Restaura\u00e7\u00e3o\"}]},{\"@type\":\"WebSite\",\"@id\":\"http:\\\/\\\/old.quintadafonte.com\\\/pt-pt\\\/#website\",\"url\":\"http:\\\/\\\/old.quintadafonte.com\\\/pt-pt\\\/\",\"name\":\"Quinta da Fonte\",\"description\":\"Inspiring your work-life environment\",\"potentialAction\":[{\"@type\":\"SearchAction\",\"target\":{\"@type\":\"EntryPoint\",\"urlTemplate\":\"http:\\\/\\\/old.quintadafonte.com\\\/pt-pt\\\/?s={search_term_string}\"},\"query-input\":{\"@type\":\"PropertyValueSpecification\",\"valueRequired\":true,\"valueName\":\"search_term_string\"}}],\"inLanguage\":\"pt-PT\"}]}<\/script>\n<!-- \/ Yoast SEO plugin. -->","yoast_head_json":{"title":"Saboreie o Dia nos Restaurantes e Caf\u00e9s - Quinta da Fonte","description":"Encontre o melhor local para desfrutar de uma refei\u00e7\u00e3o ou fazer um lanche.","robots":{"index":"index","follow":"follow","max-snippet":"max-snippet:-1","max-image-preview":"max-image-preview:large","max-video-preview":"max-video-preview:-1"},"canonical":"http:\/\/old.quintadafonte.com\/pt-pt\/restauracao\/","og_locale":"pt_PT","og_type":"article","og_title":"Saboreie o Dia nos Restaurantes e Caf\u00e9s - Quinta da Fonte","og_description":"Encontre o melhor local para desfrutar de uma refei\u00e7\u00e3o ou fazer um lanche.","og_url":"http:\/\/old.quintadafonte.com\/pt-pt\/restauracao\/","og_site_name":"Quinta da Fonte","article_publisher":"https:\/\/www.facebook.com\/quintadafonteofficepark","article_modified_time":"2022-04-18T15:40:20+00:00","og_image":[{"url":"http:\/\/old.quintadafonte.com\/wp-content\/uploads\/2019\/12\/sharing_food-drink.png","type":"","width":"","height":""}],"twitter_card":"summary_large_image","twitter_image":"http:\/\/old.quintadafonte.com\/wp-content\/uploads\/2019\/12\/sharing_food-drink.png","twitter_misc":{"Tempo estimado de leitura":"1 minuto"},"schema":{"@context":"https:\/\/schema.org","@graph":[{"@type":"WebPage","@id":"http:\/\/old.quintadafonte.com\/pt-pt\/restauracao\/","url":"http:\/\/old.quintadafonte.com\/pt-pt\/restauracao\/","name":"Saboreie o Dia nos Restaurantes e Caf\u00e9s - Quinta da Fonte","isPartOf":{"@id":"http:\/\/old.quintadafonte.com\/pt-pt\/#website"},"primaryImageOfPage":{"@id":"http:\/\/old.quintadafonte.com\/pt-pt\/restauracao\/#primaryimage"},"image":{"@id":"http:\/\/old.quintadafonte.com\/pt-pt\/restauracao\/#primaryimage"},"thumbnailUrl":"http:\/\/old.quintadafonte.com\/wp-content\/uploads\/2021\/01\/topo_restauracao-scaled.jpg","datePublished":"2019-11-08T17:44:31+00:00","dateModified":"2022-04-18T15:40:20+00:00","description":"Encontre o melhor local para desfrutar de uma refei\u00e7\u00e3o ou fazer um lanche.","breadcrumb":{"@id":"http:\/\/old.quintadafonte.com\/pt-pt\/restauracao\/#breadcrumb"},"inLanguage":"pt-PT","potentialAction":[{"@type":"ReadAction","target":["http:\/\/old.quintadafonte.com\/pt-pt\/restauracao\/"]}]},{"@type":"ImageObject","inLanguage":"pt-PT","@id":"http:\/\/old.quintadafonte.com\/pt-pt\/restauracao\/#primaryimage","url":"http:\/\/old.quintadafonte.com\/wp-content\/uploads\/2021\/01\/topo_restauracao-scaled.jpg","contentUrl":"http:\/\/old.quintadafonte.com\/wp-content\/uploads\/2021\/01\/topo_restauracao-scaled.jpg","width":2560,"height":1445},{"@type":"BreadcrumbList","@id":"http:\/\/old.quintadafonte.com\/pt-pt\/restauracao\/#breadcrumb","itemListElement":[{"@type":"ListItem","position":1,"name":"Home","item":"http:\/\/old.quintadafonte.com\/pt-pt\/"},{"@type":"ListItem","position":2,"name":"Restaura\u00e7\u00e3o"}]},{"@type":"WebSite","@id":"http:\/\/old.quintadafonte.com\/pt-pt\/#website","url":"http:\/\/old.quintadafonte.com\/pt-pt\/","name":"Quinta da Fonte","description":"Inspiring your work-life environment","potentialAction":[{"@type":"SearchAction","target":{"@type":"EntryPoint","urlTemplate":"http:\/\/old.quintadafonte.com\/pt-pt\/?s={search_term_string}"},"query-input":{"@type":"PropertyValueSpecification","valueRequired":true,"valueName":"search_term_string"}}],"inLanguage":"pt-PT"}]}},"_links":{"self":[{"href":"http:\/\/old.quintadafonte.com\/pt-pt\/wp-json\/wp\/v2\/pages\/1205","targetHints":{"allow":["GET"]}}],"collection":[{"href":"http:\/\/old.quintadafonte.com\/pt-pt\/wp-json\/wp\/v2\/pages"}],"about":[{"href":"http:\/\/old.quintadafonte.com\/pt-pt\/wp-json\/wp\/v2\/types\/page"}],"author":[{"embeddable":true,"href":"http:\/\/old.quintadafonte.com\/pt-pt\/wp-json\/wp\/v2\/users\/7"}],"replies":[{"embeddable":true,"href":"http:\/\/old.quintadafonte.com\/pt-pt\/wp-json\/wp\/v2\/comments?post=1205"}],"version-history":[{"count":5,"href":"http:\/\/old.quintadafonte.com\/pt-pt\/wp-json\/wp\/v2\/pages\/1205\/revisions"}],"predecessor-version":[{"id":3358,"href":"http:\/\/old.quintadafonte.com\/pt-pt\/wp-json\/wp\/v2\/pages\/1205\/revisions\/3358"}],"wp:featuredmedia":[{"embeddable":true,"href":"http:\/\/old.quintadafonte.com\/pt-pt\/wp-json\/wp\/v2\/media\/2153"}],"wp:attachment":[{"href":"http:\/\/old.quintadafonte.com\/pt-pt\/wp-json\/wp\/v2\/media?parent=1205"}],"curies":[{"name":"wp","href":"https:\/\/api.w.org\/{rel}","templated":true}]}}