{"id":1235,"date":"2019-11-12T15:28:55","date_gmt":"2019-11-12T15:28:55","guid":{"rendered":"http:\/\/old.quintadafonte.com\/?page_id=1235"},"modified":"2022-04-18T15:37:25","modified_gmt":"2022-04-18T15:37:25","slug":"transportes","status":"publish","type":"page","link":"http:\/\/old.quintadafonte.com\/pt-pt\/chegar-a-quinta\/transportes\/","title":{"rendered":"Transportes"},"content":{"rendered":"\n<div class=\"wp-block-magicblock-magicblock container\" style=\"\">\n<div style=\"height:100px\" aria-hidden=\"true\" class=\"wp-block-spacer\"><\/div>\n\n\n\n<h4 class=\"wp-block-heading\">A nova pol\u00edtica de mobilidade da Quinta da Fonte envolve o fornecimento de alternativas de transporte que permitem viajar sem problemas, como um autocarro para a Quinta, iniciativas de partilha de carros, autocarros municipais e v\u00e1rias ciclovias.<\/h4>\n\n\n\n<div style=\"height:80px\" aria-hidden=\"true\" class=\"wp-block-spacer\"><\/div>\n<\/div>\n\n\n\n<div class=\"wp-block-magicblock-magicblock block-portrayal half\" style=\"\">\n<div class=\"wp-block-magicblock-magicblock col-imag\" style=\"\">\n<figure class=\"wp-block-image size-large\"><img loading=\"lazy\" decoding=\"async\" width=\"1024\" height=\"651\" src=\"http:\/\/old.quintadafonte.com\/wp-content\/uploads\/2021\/01\/foto_valley_shuttle-1024x651.jpg\" alt=\"\" class=\"wp-image-2201\" srcset=\"http:\/\/old.quintadafonte.com\/wp-content\/uploads\/2021\/01\/foto_valley_shuttle-1024x651.jpg 1024w, http:\/\/old.quintadafonte.com\/wp-content\/uploads\/2021\/01\/foto_valley_shuttle-300x191.jpg 300w, http:\/\/old.quintadafonte.com\/wp-content\/uploads\/2021\/01\/foto_valley_shuttle-768x488.jpg 768w, http:\/\/old.quintadafonte.com\/wp-content\/uploads\/2021\/01\/foto_valley_shuttle-1536x977.jpg 1536w, http:\/\/old.quintadafonte.com\/wp-content\/uploads\/2021\/01\/foto_valley_shuttle-2048x1302.jpg 2048w\" sizes=\"auto, (max-width: 1024px) 100vw, 1024px\" \/><\/figure>\n\n\n\n<p><\/p>\n<\/div>\n\n\n\n<div class=\"wp-block-magicblock-magicblock col-info\" style=\"\">\n<div class=\"wp-block-magicblock-magicblock info\" style=\"\">\n<h3 class=\"wp-block-heading\">Valley Shuttle<\/h3>\n\n\n\n<p>O Valley Shuttle \u00e9 um servi\u00e7o de transporte gratuito que assegura a liga\u00e7\u00e3o entre a esta\u00e7\u00e3o de comboio de Oeiras e a Quinta da Fonte. Funciona todos os dias \u00fateis, entre as 07h e as 19h, com intervalos de 20 minutos.<\/p>\n\n\n\n<a class=\"wp-block-magicblock-magicblock btn wht\" style=\"\" href=\"http:\/\/www.cm-oeiras.pt\/pt\/viver\/mobilidade\/Documents\/Valley_Shuttle.pdf\" target=\"_blank\" rel=\"noopener noreferrer\">\nSaiba mais\n<\/a>\n<\/div>\n<\/div>\n<\/div>\n\n\n\n<div class=\"wp-block-magicblock-magicblock block-portrayal half\" style=\"\">\n<div class=\"wp-block-magicblock-magicblock col-imag\" style=\"\">\n<figure class=\"wp-block-image size-large\"><img loading=\"lazy\" decoding=\"async\" width=\"1024\" height=\"651\" src=\"http:\/\/old.quintadafonte.com\/wp-content\/uploads\/2021\/01\/foto_vimeca-1024x651.jpg\" alt=\"\" class=\"wp-image-2203\" srcset=\"http:\/\/old.quintadafonte.com\/wp-content\/uploads\/2021\/01\/foto_vimeca-1024x651.jpg 1024w, http:\/\/old.quintadafonte.com\/wp-content\/uploads\/2021\/01\/foto_vimeca-300x191.jpg 300w, http:\/\/old.quintadafonte.com\/wp-content\/uploads\/2021\/01\/foto_vimeca-768x488.jpg 768w, http:\/\/old.quintadafonte.com\/wp-content\/uploads\/2021\/01\/foto_vimeca-1536x977.jpg 1536w, http:\/\/old.quintadafonte.com\/wp-content\/uploads\/2021\/01\/foto_vimeca-2048x1302.jpg 2048w\" sizes=\"auto, (max-width: 1024px) 100vw, 1024px\" \/><\/figure>\n\n\n\n<p><\/p>\n<\/div>\n\n\n\n<div class=\"wp-block-magicblock-magicblock col-info\" style=\"\">\n<div class=\"wp-block-magicblock-magicblock info\" style=\"\">\n<h3 class=\"wp-block-heading\">Autocarros Vimeca<\/h3>\n\n\n\n<p>Um servi\u00e7o regular de autocarros da Vimeca serve a Quinta da Fonte atrav\u00e9s das linhas 756, 764 e 768.  <\/p>\n\n\n\n<a class=\"wp-block-magicblock-magicblock btn wht\" style=\"\" href=\"https:\/\/vimeca.pt\/\" target=\"_blank\" rel=\"noopener noreferrer\">\nSaiba mais\n<\/a>\n<\/div>\n<\/div>\n<\/div>\n\n\n\n<div class=\"wp-block-magicblock-magicblock block-portrayal half\" style=\"\">\n<div class=\"wp-block-magicblock-magicblock col-imag\" style=\"\">\n<figure class=\"wp-block-image size-large\"><img loading=\"lazy\" decoding=\"async\" width=\"1024\" height=\"651\" src=\"http:\/\/old.quintadafonte.com\/wp-content\/uploads\/2021\/01\/foto_empresas_boleia-1024x651.jpg\" alt=\"\" class=\"wp-image-2206\" srcset=\"http:\/\/old.quintadafonte.com\/wp-content\/uploads\/2021\/01\/foto_empresas_boleia-1024x651.jpg 1024w, http:\/\/old.quintadafonte.com\/wp-content\/uploads\/2021\/01\/foto_empresas_boleia-300x191.jpg 300w, http:\/\/old.quintadafonte.com\/wp-content\/uploads\/2021\/01\/foto_empresas_boleia-768x488.jpg 768w, http:\/\/old.quintadafonte.com\/wp-content\/uploads\/2021\/01\/foto_empresas_boleia-1536x977.jpg 1536w, http:\/\/old.quintadafonte.com\/wp-content\/uploads\/2021\/01\/foto_empresas_boleia-2048x1302.jpg 2048w\" sizes=\"auto, (max-width: 1024px) 100vw, 1024px\" \/><\/figure>\n\n\n\n<p><\/p>\n<\/div>\n\n\n\n<div class=\"wp-block-magicblock-magicblock col-info\" style=\"\">\n<div class=\"wp-block-magicblock-magicblock info\" style=\"\">\n<h3 class=\"wp-block-heading\">Empresas \u00e0 Boleia<\/h3>\n\n\n\n<p>Uma plataforma online de carpooling que ajuda milhares de utilizadores a partilhar desloca\u00e7\u00f5es e custos das mesmas. Gratuito para empresas com menos de 50 colaboradores. <\/p>\n\n\n\n<a class=\"wp-block-magicblock-magicblock btn wht\" style=\"\" href=\"https:\/\/empresas.boleia.net\/\" target=\"_blank\" rel=\"noopener noreferrer\">\nSaiba mais\n<\/a>\n<\/div>\n<\/div>\n<\/div>\n\n\n\n<div class=\"wp-block-columns block-links is-layout-flex wp-container-core-columns-is-layout-9d6595d7 wp-block-columns-is-layout-flex\">\n<div class=\"wp-block-column is-layout-flow wp-block-column-is-layout-flow\">\n<h3 class=\"wp-block-heading\"><a href=\"http:\/\/old.quintadafonte.com\/pt-pt\/sobre\/localizacao-privilegiada\/\">Localiza\u00e7\u00e3o Privilegiada<\/a><\/h3>\n\n\n\n<figure class=\"wp-block-image size-large\"><img loading=\"lazy\" decoding=\"async\" width=\"1024\" height=\"502\" src=\"http:\/\/old.quintadafonte.com\/wp-content\/uploads\/2019\/11\/privileged-location_header-1024x502.jpg\" alt=\"\" class=\"wp-image-432\" srcset=\"http:\/\/old.quintadafonte.com\/wp-content\/uploads\/2019\/11\/privileged-location_header-1024x502.jpg 1024w, http:\/\/old.quintadafonte.com\/wp-content\/uploads\/2019\/11\/privileged-location_header-300x147.jpg 300w, http:\/\/old.quintadafonte.com\/wp-content\/uploads\/2019\/11\/privileged-location_header-768x377.jpg 768w, http:\/\/old.quintadafonte.com\/wp-content\/uploads\/2019\/11\/privileged-location_header.jpg 1280w\" sizes=\"auto, (max-width: 1024px) 100vw, 1024px\" \/><\/figure>\n<\/div>\n\n\n\n<div class=\"wp-block-column is-layout-flow wp-block-column-is-layout-flow\">\n<h3 class=\"wp-block-heading\"><a href=\"http:\/\/old.quintadafonte.com\/pt-pt\/sobre\/sustentabilidade\/\">Sustentabilidade<\/a><\/h3>\n\n\n\n<figure class=\"wp-block-image size-large\"><img loading=\"lazy\" decoding=\"async\" width=\"1024\" height=\"768\" src=\"http:\/\/old.quintadafonte.com\/wp-content\/uploads\/2019\/12\/green-agenda_header-1024x768.jpg\" alt=\"\" class=\"wp-image-879\" srcset=\"http:\/\/old.quintadafonte.com\/wp-content\/uploads\/2019\/12\/green-agenda_header-1024x768.jpg 1024w, http:\/\/old.quintadafonte.com\/wp-content\/uploads\/2019\/12\/green-agenda_header-300x225.jpg 300w, http:\/\/old.quintadafonte.com\/wp-content\/uploads\/2019\/12\/green-agenda_header-768x576.jpg 768w, http:\/\/old.quintadafonte.com\/wp-content\/uploads\/2019\/12\/green-agenda_header.jpg 1280w\" sizes=\"auto, (max-width: 1024px) 100vw, 1024px\" \/><\/figure>\n<\/div>\n\n\n\n<div class=\"wp-block-column is-layout-flow wp-block-column-is-layout-flow\">\n<h3 class=\"wp-block-heading\"><a href=\"http:\/\/old.quintadafonte.com\/pt-pt\/chegar-a-quinta\/estacionamento\/\">Estacionamento<\/a><\/h3>\n\n\n\n<figure class=\"wp-block-image size-large\"><img loading=\"lazy\" decoding=\"async\" width=\"1024\" height=\"496\" src=\"http:\/\/old.quintadafonte.com\/wp-content\/uploads\/2019\/12\/parking_header-1024x496.jpg\" alt=\"\" class=\"wp-image-911\" srcset=\"http:\/\/old.quintadafonte.com\/wp-content\/uploads\/2019\/12\/parking_header-1024x496.jpg 1024w, http:\/\/old.quintadafonte.com\/wp-content\/uploads\/2019\/12\/parking_header-300x145.jpg 300w, http:\/\/old.quintadafonte.com\/wp-content\/uploads\/2019\/12\/parking_header-768x372.jpg 768w, http:\/\/old.quintadafonte.com\/wp-content\/uploads\/2019\/12\/parking_header.jpg 1280w\" sizes=\"auto, (max-width: 1024px) 100vw, 1024px\" \/><\/figure>\n<\/div>\n<\/div>\n","protected":false},"excerpt":{"rendered":"<p>Na Quinta da Fonte focamo-nos na sustentabilidade<\/p>\n","protected":false},"author":7,"featured_media":2195,"parent":1233,"menu_order":81,"comment_status":"closed","ping_status":"closed","template":"page.php","meta":{"footnotes":""},"class_list":["post-1235","page","type-page","status-publish","has-post-thumbnail","hentry"],"acf":[],"yoast_head":"<!-- This site is optimized with the Yoast SEO plugin v27.4 - https:\/\/yoast.com\/product\/yoast-seo-wordpress\/ -->\n<title>Transportes Sustent\u00e1veis Para Chegar C\u00e1 - Quinta da Fonte<\/title>\n<meta name=\"description\" content=\"Op\u00e7\u00f5es como um autocarro para a Quinta, iniciativas de partilha de carros, autocarros municipais e v\u00e1rias ciclovias.\" \/>\n<meta name=\"robots\" content=\"index, follow, max-snippet:-1, max-image-preview:large, max-video-preview:-1\" \/>\n<link rel=\"canonical\" href=\"http:\/\/old.quintadafonte.com\/pt-pt\/chegar-a-quinta\/transportes\/\" \/>\n<meta property=\"og:locale\" content=\"pt_PT\" \/>\n<meta property=\"og:type\" content=\"article\" \/>\n<meta property=\"og:title\" content=\"Transportes Sustent\u00e1veis Para Chegar C\u00e1 - Quinta da Fonte\" \/>\n<meta property=\"og:description\" content=\"Op\u00e7\u00f5es como um autocarro para a Quinta, iniciativas de partilha de carros, autocarros municipais e v\u00e1rias ciclovias.\" \/>\n<meta property=\"og:url\" content=\"http:\/\/old.quintadafonte.com\/pt-pt\/chegar-a-quinta\/transportes\/\" \/>\n<meta property=\"og:site_name\" content=\"Quinta da Fonte\" \/>\n<meta property=\"article:publisher\" content=\"https:\/\/www.facebook.com\/quintadafonteofficepark\" \/>\n<meta property=\"article:modified_time\" content=\"2022-04-18T15:37:25+00:00\" \/>\n<meta property=\"og:image\" content=\"http:\/\/old.quintadafonte.com\/wp-content\/uploads\/2019\/12\/sharing_transportation.png\" \/>\n<meta name=\"twitter:card\" content=\"summary_large_image\" \/>\n<meta name=\"twitter:image\" content=\"http:\/\/old.quintadafonte.com\/wp-content\/uploads\/2019\/12\/sharing_transportation.png\" \/>\n<meta name=\"twitter:label1\" content=\"Tempo estimado de leitura\" \/>\n\t<meta name=\"twitter:data1\" content=\"2 minutos\" \/>\n<script type=\"application\/ld+json\" class=\"yoast-schema-graph\">{\"@context\":\"https:\\\/\\\/schema.org\",\"@graph\":[{\"@type\":\"WebPage\",\"@id\":\"http:\\\/\\\/old.quintadafonte.com\\\/pt-pt\\\/chegar-a-quinta\\\/transportes\\\/\",\"url\":\"http:\\\/\\\/old.quintadafonte.com\\\/pt-pt\\\/chegar-a-quinta\\\/transportes\\\/\",\"name\":\"Transportes Sustent\u00e1veis Para Chegar C\u00e1 - Quinta da Fonte\",\"isPartOf\":{\"@id\":\"http:\\\/\\\/old.quintadafonte.com\\\/pt-pt\\\/#website\"},\"primaryImageOfPage\":{\"@id\":\"http:\\\/\\\/old.quintadafonte.com\\\/pt-pt\\\/chegar-a-quinta\\\/transportes\\\/#primaryimage\"},\"image\":{\"@id\":\"http:\\\/\\\/old.quintadafonte.com\\\/pt-pt\\\/chegar-a-quinta\\\/transportes\\\/#primaryimage\"},\"thumbnailUrl\":\"http:\\\/\\\/old.quintadafonte.com\\\/wp-content\\\/uploads\\\/2021\\\/01\\\/topo_como_chegar-scaled.jpg\",\"datePublished\":\"2019-11-12T15:28:55+00:00\",\"dateModified\":\"2022-04-18T15:37:25+00:00\",\"description\":\"Op\u00e7\u00f5es como um autocarro para a Quinta, iniciativas de partilha de carros, autocarros municipais e v\u00e1rias ciclovias.\",\"breadcrumb\":{\"@id\":\"http:\\\/\\\/old.quintadafonte.com\\\/pt-pt\\\/chegar-a-quinta\\\/transportes\\\/#breadcrumb\"},\"inLanguage\":\"pt-PT\",\"potentialAction\":[{\"@type\":\"ReadAction\",\"target\":[\"http:\\\/\\\/old.quintadafonte.com\\\/pt-pt\\\/chegar-a-quinta\\\/transportes\\\/\"]}]},{\"@type\":\"ImageObject\",\"inLanguage\":\"pt-PT\",\"@id\":\"http:\\\/\\\/old.quintadafonte.com\\\/pt-pt\\\/chegar-a-quinta\\\/transportes\\\/#primaryimage\",\"url\":\"http:\\\/\\\/old.quintadafonte.com\\\/wp-content\\\/uploads\\\/2021\\\/01\\\/topo_como_chegar-scaled.jpg\",\"contentUrl\":\"http:\\\/\\\/old.quintadafonte.com\\\/wp-content\\\/uploads\\\/2021\\\/01\\\/topo_como_chegar-scaled.jpg\",\"width\":2560,\"height\":1401},{\"@type\":\"BreadcrumbList\",\"@id\":\"http:\\\/\\\/old.quintadafonte.com\\\/pt-pt\\\/chegar-a-quinta\\\/transportes\\\/#breadcrumb\",\"itemListElement\":[{\"@type\":\"ListItem\",\"position\":1,\"name\":\"Home\",\"item\":\"http:\\\/\\\/old.quintadafonte.com\\\/pt-pt\\\/\"},{\"@type\":\"ListItem\",\"position\":2,\"name\":\"Chegar \u00e0 Quinta\",\"item\":\"http:\\\/\\\/old.quintadafonte.com\\\/pt-pt\\\/chegar-a-quinta\\\/\"},{\"@type\":\"ListItem\",\"position\":3,\"name\":\"Transportes\"}]},{\"@type\":\"WebSite\",\"@id\":\"http:\\\/\\\/old.quintadafonte.com\\\/pt-pt\\\/#website\",\"url\":\"http:\\\/\\\/old.quintadafonte.com\\\/pt-pt\\\/\",\"name\":\"Quinta da Fonte\",\"description\":\"Inspiring your work-life environment\",\"potentialAction\":[{\"@type\":\"SearchAction\",\"target\":{\"@type\":\"EntryPoint\",\"urlTemplate\":\"http:\\\/\\\/old.quintadafonte.com\\\/pt-pt\\\/?s={search_term_string}\"},\"query-input\":{\"@type\":\"PropertyValueSpecification\",\"valueRequired\":true,\"valueName\":\"search_term_string\"}}],\"inLanguage\":\"pt-PT\"}]}<\/script>\n<!-- \/ Yoast SEO plugin. -->","yoast_head_json":{"title":"Transportes Sustent\u00e1veis Para Chegar C\u00e1 - Quinta da Fonte","description":"Op\u00e7\u00f5es como um autocarro para a Quinta, iniciativas de partilha de carros, autocarros municipais e v\u00e1rias ciclovias.","robots":{"index":"index","follow":"follow","max-snippet":"max-snippet:-1","max-image-preview":"max-image-preview:large","max-video-preview":"max-video-preview:-1"},"canonical":"http:\/\/old.quintadafonte.com\/pt-pt\/chegar-a-quinta\/transportes\/","og_locale":"pt_PT","og_type":"article","og_title":"Transportes Sustent\u00e1veis Para Chegar C\u00e1 - Quinta da Fonte","og_description":"Op\u00e7\u00f5es como um autocarro para a Quinta, iniciativas de partilha de carros, autocarros municipais e v\u00e1rias ciclovias.","og_url":"http:\/\/old.quintadafonte.com\/pt-pt\/chegar-a-quinta\/transportes\/","og_site_name":"Quinta da Fonte","article_publisher":"https:\/\/www.facebook.com\/quintadafonteofficepark","article_modified_time":"2022-04-18T15:37:25+00:00","og_image":[{"url":"http:\/\/old.quintadafonte.com\/wp-content\/uploads\/2019\/12\/sharing_transportation.png","type":"","width":"","height":""}],"twitter_card":"summary_large_image","twitter_image":"http:\/\/old.quintadafonte.com\/wp-content\/uploads\/2019\/12\/sharing_transportation.png","twitter_misc":{"Tempo estimado de leitura":"2 minutos"},"schema":{"@context":"https:\/\/schema.org","@graph":[{"@type":"WebPage","@id":"http:\/\/old.quintadafonte.com\/pt-pt\/chegar-a-quinta\/transportes\/","url":"http:\/\/old.quintadafonte.com\/pt-pt\/chegar-a-quinta\/transportes\/","name":"Transportes Sustent\u00e1veis Para Chegar C\u00e1 - Quinta da Fonte","isPartOf":{"@id":"http:\/\/old.quintadafonte.com\/pt-pt\/#website"},"primaryImageOfPage":{"@id":"http:\/\/old.quintadafonte.com\/pt-pt\/chegar-a-quinta\/transportes\/#primaryimage"},"image":{"@id":"http:\/\/old.quintadafonte.com\/pt-pt\/chegar-a-quinta\/transportes\/#primaryimage"},"thumbnailUrl":"http:\/\/old.quintadafonte.com\/wp-content\/uploads\/2021\/01\/topo_como_chegar-scaled.jpg","datePublished":"2019-11-12T15:28:55+00:00","dateModified":"2022-04-18T15:37:25+00:00","description":"Op\u00e7\u00f5es como um autocarro para a Quinta, iniciativas de partilha de carros, autocarros municipais e v\u00e1rias ciclovias.","breadcrumb":{"@id":"http:\/\/old.quintadafonte.com\/pt-pt\/chegar-a-quinta\/transportes\/#breadcrumb"},"inLanguage":"pt-PT","potentialAction":[{"@type":"ReadAction","target":["http:\/\/old.quintadafonte.com\/pt-pt\/chegar-a-quinta\/transportes\/"]}]},{"@type":"ImageObject","inLanguage":"pt-PT","@id":"http:\/\/old.quintadafonte.com\/pt-pt\/chegar-a-quinta\/transportes\/#primaryimage","url":"http:\/\/old.quintadafonte.com\/wp-content\/uploads\/2021\/01\/topo_como_chegar-scaled.jpg","contentUrl":"http:\/\/old.quintadafonte.com\/wp-content\/uploads\/2021\/01\/topo_como_chegar-scaled.jpg","width":2560,"height":1401},{"@type":"BreadcrumbList","@id":"http:\/\/old.quintadafonte.com\/pt-pt\/chegar-a-quinta\/transportes\/#breadcrumb","itemListElement":[{"@type":"ListItem","position":1,"name":"Home","item":"http:\/\/old.quintadafonte.com\/pt-pt\/"},{"@type":"ListItem","position":2,"name":"Chegar \u00e0 Quinta","item":"http:\/\/old.quintadafonte.com\/pt-pt\/chegar-a-quinta\/"},{"@type":"ListItem","position":3,"name":"Transportes"}]},{"@type":"WebSite","@id":"http:\/\/old.quintadafonte.com\/pt-pt\/#website","url":"http:\/\/old.quintadafonte.com\/pt-pt\/","name":"Quinta da Fonte","description":"Inspiring your work-life environment","potentialAction":[{"@type":"SearchAction","target":{"@type":"EntryPoint","urlTemplate":"http:\/\/old.quintadafonte.com\/pt-pt\/?s={search_term_string}"},"query-input":{"@type":"PropertyValueSpecification","valueRequired":true,"valueName":"search_term_string"}}],"inLanguage":"pt-PT"}]}},"_links":{"self":[{"href":"http:\/\/old.quintadafonte.com\/pt-pt\/wp-json\/wp\/v2\/pages\/1235","targetHints":{"allow":["GET"]}}],"collection":[{"href":"http:\/\/old.quintadafonte.com\/pt-pt\/wp-json\/wp\/v2\/pages"}],"about":[{"href":"http:\/\/old.quintadafonte.com\/pt-pt\/wp-json\/wp\/v2\/types\/page"}],"author":[{"embeddable":true,"href":"http:\/\/old.quintadafonte.com\/pt-pt\/wp-json\/wp\/v2\/users\/7"}],"replies":[{"embeddable":true,"href":"http:\/\/old.quintadafonte.com\/pt-pt\/wp-json\/wp\/v2\/comments?post=1235"}],"version-history":[{"count":14,"href":"http:\/\/old.quintadafonte.com\/pt-pt\/wp-json\/wp\/v2\/pages\/1235\/revisions"}],"predecessor-version":[{"id":3951,"href":"http:\/\/old.quintadafonte.com\/pt-pt\/wp-json\/wp\/v2\/pages\/1235\/revisions\/3951"}],"up":[{"embeddable":true,"href":"http:\/\/old.quintadafonte.com\/pt-pt\/wp-json\/wp\/v2\/pages\/1233"}],"wp:featuredmedia":[{"embeddable":true,"href":"http:\/\/old.quintadafonte.com\/pt-pt\/wp-json\/wp\/v2\/media\/2195"}],"wp:attachment":[{"href":"http:\/\/old.quintadafonte.com\/pt-pt\/wp-json\/wp\/v2\/media?parent=1235"}],"curies":[{"name":"wp","href":"https:\/\/api.w.org\/{rel}","templated":true}]}}