{"id":1240,"date":"2019-11-12T15:38:17","date_gmt":"2019-11-12T15:38:17","guid":{"rendered":"http:\/\/old.quintadafonte.com\/?page_id=1240"},"modified":"2023-02-10T10:52:52","modified_gmt":"2023-02-10T10:52:52","slug":"estacionamento","status":"publish","type":"page","link":"http:\/\/old.quintadafonte.com\/pt-pt\/chegar-a-quinta\/estacionamento\/","title":{"rendered":"Estacionamento"},"content":{"rendered":"\n<div class=\"wp-block-magicblock-magicblock container\" style=\"\">\n<div style=\"height:100px\" aria-hidden=\"true\" class=\"wp-block-spacer\"><\/div>\n\n\n\n<h4 class=\"wp-block-heading\">Actualmente, a Quinta da Fonte possui 3.483 lugares de estacionamento.<\/h4>\n\n\n\n<h4 class=\"wp-block-heading\">Mas estamos sempre a melhorar.<br>Ser\u00e1 constru\u00edda uma nova \u00e1rea para estacionamento coberto e o regime de estacionamento ser\u00e1 actualizado para dar espa\u00e7o a todos e diminuir o tr\u00e1fego.<\/h4>\n\n\n\n<div style=\"height:80px\" aria-hidden=\"true\" class=\"wp-block-spacer\"><\/div>\n<\/div>\n\n\n\n<div class=\"wp-block-magicblock-magicblock block-intro\" style=\"\">\n<div class=\"wp-block-magicblock-magicblock col-info\" style=\"\">\n<div class=\"wp-block-magicblock-magicblock block green\" style=\"\">\n<ul class=\"wp-block-list\">\n<li>P2 + P3 + P5<br>Coberto, pago\/hora<br><\/li>\n\n\n\n<li>P4 + P6<br>Aven\u00e7a Mensal<\/li>\n<\/ul>\n\n\n\n<p><\/p>\n\n\n\n<div class=\"wp-block-button wht\"><a class=\"wp-block-button__link wp-element-button\" href=\"http:\/\/old.quintadafonte.com\/pt-pt\/mapa#Parking\">VER LOCALIZA\u00c7\u00c3O DOS PARQUES<\/a><\/div>\n<\/div>\n<\/div>\n<\/div>\n","protected":false},"excerpt":{"rendered":"<p>Deixe-nos ajudar <br \/>a encontrar lugar<\/p>\n","protected":false},"author":7,"featured_media":2210,"parent":1233,"menu_order":82,"comment_status":"closed","ping_status":"closed","template":"tpl-parking.php","meta":{"footnotes":""},"class_list":["post-1240","page","type-page","status-publish","has-post-thumbnail","hentry"],"acf":[],"yoast_head":"<!-- This site is optimized with the Yoast SEO plugin v27.4 - https:\/\/yoast.com\/product\/yoast-seo-wordpress\/ -->\n<title>Encontre Lugar para Estacionar - Quinta da Fonte<\/title>\n<meta name=\"description\" content=\"Temos dispon\u00edveis 1.809 lugares privados e estamos a construir uma nova \u00e1rea de estacionamento coberto.\" \/>\n<meta name=\"robots\" content=\"index, follow, max-snippet:-1, max-image-preview:large, max-video-preview:-1\" \/>\n<link rel=\"canonical\" href=\"http:\/\/old.quintadafonte.com\/pt-pt\/chegar-a-quinta\/estacionamento\/\" \/>\n<meta property=\"og:locale\" content=\"pt_PT\" \/>\n<meta property=\"og:type\" content=\"article\" \/>\n<meta property=\"og:title\" content=\"Encontre Lugar para Estacionar - Quinta da Fonte\" \/>\n<meta property=\"og:description\" content=\"Temos dispon\u00edveis 1.809 lugares privados e estamos a construir uma nova \u00e1rea de estacionamento coberto.\" \/>\n<meta property=\"og:url\" content=\"http:\/\/old.quintadafonte.com\/pt-pt\/chegar-a-quinta\/estacionamento\/\" \/>\n<meta property=\"og:site_name\" content=\"Quinta da Fonte\" \/>\n<meta property=\"article:publisher\" content=\"https:\/\/www.facebook.com\/quintadafonteofficepark\" \/>\n<meta property=\"article:modified_time\" content=\"2023-02-10T10:52:52+00:00\" \/>\n<meta property=\"og:image\" content=\"http:\/\/old.quintadafonte.com\/wp-content\/uploads\/2019\/12\/sharing_parking.png\" \/>\n<meta name=\"twitter:card\" content=\"summary_large_image\" \/>\n<meta name=\"twitter:image\" content=\"http:\/\/old.quintadafonte.com\/wp-content\/uploads\/2019\/12\/sharing_parking.png\" \/>\n<meta name=\"twitter:label1\" content=\"Tempo estimado de leitura\" \/>\n\t<meta name=\"twitter:data1\" content=\"1 minuto\" \/>\n<script type=\"application\/ld+json\" class=\"yoast-schema-graph\">{\"@context\":\"https:\\\/\\\/schema.org\",\"@graph\":[{\"@type\":\"WebPage\",\"@id\":\"http:\\\/\\\/old.quintadafonte.com\\\/pt-pt\\\/chegar-a-quinta\\\/estacionamento\\\/\",\"url\":\"http:\\\/\\\/old.quintadafonte.com\\\/pt-pt\\\/chegar-a-quinta\\\/estacionamento\\\/\",\"name\":\"Encontre Lugar para Estacionar - Quinta da Fonte\",\"isPartOf\":{\"@id\":\"http:\\\/\\\/old.quintadafonte.com\\\/pt-pt\\\/#website\"},\"primaryImageOfPage\":{\"@id\":\"http:\\\/\\\/old.quintadafonte.com\\\/pt-pt\\\/chegar-a-quinta\\\/estacionamento\\\/#primaryimage\"},\"image\":{\"@id\":\"http:\\\/\\\/old.quintadafonte.com\\\/pt-pt\\\/chegar-a-quinta\\\/estacionamento\\\/#primaryimage\"},\"thumbnailUrl\":\"http:\\\/\\\/old.quintadafonte.com\\\/wp-content\\\/uploads\\\/2021\\\/01\\\/topo_estacionamento-scaled.jpg\",\"datePublished\":\"2019-11-12T15:38:17+00:00\",\"dateModified\":\"2023-02-10T10:52:52+00:00\",\"description\":\"Temos dispon\u00edveis 1.809 lugares privados e estamos a construir uma nova \u00e1rea de estacionamento coberto.\",\"breadcrumb\":{\"@id\":\"http:\\\/\\\/old.quintadafonte.com\\\/pt-pt\\\/chegar-a-quinta\\\/estacionamento\\\/#breadcrumb\"},\"inLanguage\":\"pt-PT\",\"potentialAction\":[{\"@type\":\"ReadAction\",\"target\":[\"http:\\\/\\\/old.quintadafonte.com\\\/pt-pt\\\/chegar-a-quinta\\\/estacionamento\\\/\"]}]},{\"@type\":\"ImageObject\",\"inLanguage\":\"pt-PT\",\"@id\":\"http:\\\/\\\/old.quintadafonte.com\\\/pt-pt\\\/chegar-a-quinta\\\/estacionamento\\\/#primaryimage\",\"url\":\"http:\\\/\\\/old.quintadafonte.com\\\/wp-content\\\/uploads\\\/2021\\\/01\\\/topo_estacionamento-scaled.jpg\",\"contentUrl\":\"http:\\\/\\\/old.quintadafonte.com\\\/wp-content\\\/uploads\\\/2021\\\/01\\\/topo_estacionamento-scaled.jpg\",\"width\":2560,\"height\":1515},{\"@type\":\"BreadcrumbList\",\"@id\":\"http:\\\/\\\/old.quintadafonte.com\\\/pt-pt\\\/chegar-a-quinta\\\/estacionamento\\\/#breadcrumb\",\"itemListElement\":[{\"@type\":\"ListItem\",\"position\":1,\"name\":\"Home\",\"item\":\"http:\\\/\\\/old.quintadafonte.com\\\/pt-pt\\\/\"},{\"@type\":\"ListItem\",\"position\":2,\"name\":\"Chegar \u00e0 Quinta\",\"item\":\"http:\\\/\\\/old.quintadafonte.com\\\/pt-pt\\\/chegar-a-quinta\\\/\"},{\"@type\":\"ListItem\",\"position\":3,\"name\":\"Estacionamento\"}]},{\"@type\":\"WebSite\",\"@id\":\"http:\\\/\\\/old.quintadafonte.com\\\/pt-pt\\\/#website\",\"url\":\"http:\\\/\\\/old.quintadafonte.com\\\/pt-pt\\\/\",\"name\":\"Quinta da Fonte\",\"description\":\"Inspiring your work-life environment\",\"potentialAction\":[{\"@type\":\"SearchAction\",\"target\":{\"@type\":\"EntryPoint\",\"urlTemplate\":\"http:\\\/\\\/old.quintadafonte.com\\\/pt-pt\\\/?s={search_term_string}\"},\"query-input\":{\"@type\":\"PropertyValueSpecification\",\"valueRequired\":true,\"valueName\":\"search_term_string\"}}],\"inLanguage\":\"pt-PT\"}]}<\/script>\n<!-- \/ Yoast SEO plugin. -->","yoast_head_json":{"title":"Encontre Lugar para Estacionar - Quinta da Fonte","description":"Temos dispon\u00edveis 1.809 lugares privados e estamos a construir uma nova \u00e1rea de estacionamento coberto.","robots":{"index":"index","follow":"follow","max-snippet":"max-snippet:-1","max-image-preview":"max-image-preview:large","max-video-preview":"max-video-preview:-1"},"canonical":"http:\/\/old.quintadafonte.com\/pt-pt\/chegar-a-quinta\/estacionamento\/","og_locale":"pt_PT","og_type":"article","og_title":"Encontre Lugar para Estacionar - Quinta da Fonte","og_description":"Temos dispon\u00edveis 1.809 lugares privados e estamos a construir uma nova \u00e1rea de estacionamento coberto.","og_url":"http:\/\/old.quintadafonte.com\/pt-pt\/chegar-a-quinta\/estacionamento\/","og_site_name":"Quinta da Fonte","article_publisher":"https:\/\/www.facebook.com\/quintadafonteofficepark","article_modified_time":"2023-02-10T10:52:52+00:00","og_image":[{"url":"http:\/\/old.quintadafonte.com\/wp-content\/uploads\/2019\/12\/sharing_parking.png","type":"","width":"","height":""}],"twitter_card":"summary_large_image","twitter_image":"http:\/\/old.quintadafonte.com\/wp-content\/uploads\/2019\/12\/sharing_parking.png","twitter_misc":{"Tempo estimado de leitura":"1 minuto"},"schema":{"@context":"https:\/\/schema.org","@graph":[{"@type":"WebPage","@id":"http:\/\/old.quintadafonte.com\/pt-pt\/chegar-a-quinta\/estacionamento\/","url":"http:\/\/old.quintadafonte.com\/pt-pt\/chegar-a-quinta\/estacionamento\/","name":"Encontre Lugar para Estacionar - Quinta da Fonte","isPartOf":{"@id":"http:\/\/old.quintadafonte.com\/pt-pt\/#website"},"primaryImageOfPage":{"@id":"http:\/\/old.quintadafonte.com\/pt-pt\/chegar-a-quinta\/estacionamento\/#primaryimage"},"image":{"@id":"http:\/\/old.quintadafonte.com\/pt-pt\/chegar-a-quinta\/estacionamento\/#primaryimage"},"thumbnailUrl":"http:\/\/old.quintadafonte.com\/wp-content\/uploads\/2021\/01\/topo_estacionamento-scaled.jpg","datePublished":"2019-11-12T15:38:17+00:00","dateModified":"2023-02-10T10:52:52+00:00","description":"Temos dispon\u00edveis 1.809 lugares privados e estamos a construir uma nova \u00e1rea de estacionamento coberto.","breadcrumb":{"@id":"http:\/\/old.quintadafonte.com\/pt-pt\/chegar-a-quinta\/estacionamento\/#breadcrumb"},"inLanguage":"pt-PT","potentialAction":[{"@type":"ReadAction","target":["http:\/\/old.quintadafonte.com\/pt-pt\/chegar-a-quinta\/estacionamento\/"]}]},{"@type":"ImageObject","inLanguage":"pt-PT","@id":"http:\/\/old.quintadafonte.com\/pt-pt\/chegar-a-quinta\/estacionamento\/#primaryimage","url":"http:\/\/old.quintadafonte.com\/wp-content\/uploads\/2021\/01\/topo_estacionamento-scaled.jpg","contentUrl":"http:\/\/old.quintadafonte.com\/wp-content\/uploads\/2021\/01\/topo_estacionamento-scaled.jpg","width":2560,"height":1515},{"@type":"BreadcrumbList","@id":"http:\/\/old.quintadafonte.com\/pt-pt\/chegar-a-quinta\/estacionamento\/#breadcrumb","itemListElement":[{"@type":"ListItem","position":1,"name":"Home","item":"http:\/\/old.quintadafonte.com\/pt-pt\/"},{"@type":"ListItem","position":2,"name":"Chegar \u00e0 Quinta","item":"http:\/\/old.quintadafonte.com\/pt-pt\/chegar-a-quinta\/"},{"@type":"ListItem","position":3,"name":"Estacionamento"}]},{"@type":"WebSite","@id":"http:\/\/old.quintadafonte.com\/pt-pt\/#website","url":"http:\/\/old.quintadafonte.com\/pt-pt\/","name":"Quinta da Fonte","description":"Inspiring your work-life environment","potentialAction":[{"@type":"SearchAction","target":{"@type":"EntryPoint","urlTemplate":"http:\/\/old.quintadafonte.com\/pt-pt\/?s={search_term_string}"},"query-input":{"@type":"PropertyValueSpecification","valueRequired":true,"valueName":"search_term_string"}}],"inLanguage":"pt-PT"}]}},"_links":{"self":[{"href":"http:\/\/old.quintadafonte.com\/pt-pt\/wp-json\/wp\/v2\/pages\/1240","targetHints":{"allow":["GET"]}}],"collection":[{"href":"http:\/\/old.quintadafonte.com\/pt-pt\/wp-json\/wp\/v2\/pages"}],"about":[{"href":"http:\/\/old.quintadafonte.com\/pt-pt\/wp-json\/wp\/v2\/types\/page"}],"author":[{"embeddable":true,"href":"http:\/\/old.quintadafonte.com\/pt-pt\/wp-json\/wp\/v2\/users\/7"}],"replies":[{"embeddable":true,"href":"http:\/\/old.quintadafonte.com\/pt-pt\/wp-json\/wp\/v2\/comments?post=1240"}],"version-history":[{"count":30,"href":"http:\/\/old.quintadafonte.com\/pt-pt\/wp-json\/wp\/v2\/pages\/1240\/revisions"}],"predecessor-version":[{"id":8615,"href":"http:\/\/old.quintadafonte.com\/pt-pt\/wp-json\/wp\/v2\/pages\/1240\/revisions\/8615"}],"up":[{"embeddable":true,"href":"http:\/\/old.quintadafonte.com\/pt-pt\/wp-json\/wp\/v2\/pages\/1233"}],"wp:featuredmedia":[{"embeddable":true,"href":"http:\/\/old.quintadafonte.com\/pt-pt\/wp-json\/wp\/v2\/media\/2210"}],"wp:attachment":[{"href":"http:\/\/old.quintadafonte.com\/pt-pt\/wp-json\/wp\/v2\/media?parent=1240"}],"curies":[{"name":"wp","href":"https:\/\/api.w.org\/{rel}","templated":true}]}}